{"id":211,"date":"2022-04-13T18:43:38","date_gmt":"2022-04-13T18:43:38","guid":{"rendered":"https:\/\/bondear.com.ar\/tienda\/?post_type=product&#038;p=211"},"modified":"2022-05-18T20:40:51","modified_gmt":"2022-05-18T20:40:51","slug":"polar","status":"publish","type":"product","link":"https:\/\/bondear.com.ar\/tienda\/producto\/polar\/","title":{"rendered":"Bondeado de Polar"},"content":{"rendered":"<p>Suave y c\u00f3modo de usar. Vers\u00e1til en todas sus formas. Abrigado para uso en fabricaci\u00f3n de buzos de este genero. Liviano y abrigado, para uso de ropa de cama.<\/p>\n","protected":false},"excerpt":{"rendered":"<p>Suave y c\u00f3modo de usar. Vers\u00e1til en todas sus formas. Abrigado para uso en fabricaci\u00f3n de buzos de este genero. Liviano y abrigado, para uso de ropa de cama.<\/p>\n","protected":false},"featured_media":212,"template":"","meta":[],"product_brand":[],"product_cat":[19],"product_tag":[],"class_list":{"0":"post-211","1":"product","2":"type-product","3":"status-publish","4":"has-post-thumbnail","6":"product_cat-telas","7":"entry","9":"first","10":"instock","11":"shipping-taxable","12":"purchasable","13":"product-type-simple"},"_links":{"self":[{"href":"https:\/\/bondear.com.ar\/tienda\/wp-json\/wp\/v2\/product\/211","targetHints":{"allow":["GET"]}}],"collection":[{"href":"https:\/\/bondear.com.ar\/tienda\/wp-json\/wp\/v2\/product"}],"about":[{"href":"https:\/\/bondear.com.ar\/tienda\/wp-json\/wp\/v2\/types\/product"}],"wp:featuredmedia":[{"embeddable":true,"href":"https:\/\/bondear.com.ar\/tienda\/wp-json\/wp\/v2\/media\/212"}],"wp:attachment":[{"href":"https:\/\/bondear.com.ar\/tienda\/wp-json\/wp\/v2\/media?parent=211"}],"wp:term":[{"taxonomy":"product_brand","embeddable":true,"href":"https:\/\/bondear.com.ar\/tienda\/wp-json\/wp\/v2\/product_brand?post=211"},{"taxonomy":"product_cat","embeddable":true,"href":"https:\/\/bondear.com.ar\/tienda\/wp-json\/wp\/v2\/product_cat?post=211"},{"taxonomy":"product_tag","embeddable":true,"href":"https:\/\/bondear.com.ar\/tienda\/wp-json\/wp\/v2\/product_tag?post=211"}],"curies":[{"name":"wp","href":"https:\/\/api.w.org\/{rel}","templated":true}]}}